{"id":452,"date":"2019-11-26T01:03:07","date_gmt":"2019-11-26T01:03:07","guid":{"rendered":"http:\/\/traumatologiadelnorte.com\/pr\/?page_id=452"},"modified":"2020-02-18T07:11:51","modified_gmt":"2020-02-18T07:11:51","slug":"servicios","status":"publish","type":"page","link":"http:\/\/traumatologiadelnorte.com\/pr\/servicios\/","title":{"rendered":"Servicios"},"content":{"rendered":"<p>[vc_row][vc_column]\n\t\t\t<!-- START Slider 1 REVOLUTION SLIDER 6.1.5 --><p class=\"rs-p-wp-fix\"><\/p>\n\t\t\t<rs-module-wrap id=\"rev_slider_3_1_wrapper\" data-source=\"gallery\" style=\"background:transparent;padding:0;margin:0px auto;margin-top:0;margin-bottom:0;\">\n\t\t\t\t<rs-module id=\"rev_slider_3_1\" style=\"display:none;\" data-version=\"6.1.5\">\n\t\t\t\t\t<rs-slides>\n\t\t\t\t\t\t<rs-slide data-key=\"rs-3\" data-title=\"Slide\" data-anim=\"ei:d;eo:d;s:d;r:0;t:slotfade-vertical;sl:d;\">\n\t\t\t\t\t\t\t<img loading=\"lazy\" decoding=\"async\" src=\"\/\/traumatologiadelnorte.com\/pr\/wp-content\/uploads\/2018\/08\/banner.jpg\" title=\"banner\" width=\"910\" height=\"280\" data-bg=\"p:center top;f:contain;\" class=\"rev-slidebg\" data-no-retina>\n<!---->\t\t\t\t\t\t<\/rs-slide>\n\t\t\t\t\t\t<rs-slide data-key=\"rs-4\" data-title=\"Slide\" data-anim=\"ei:d;eo:d;s:d;r:0;t:slotfade-vertical;sl:d;\">\n\t\t\t\t\t\t\t<img loading=\"lazy\" decoding=\"async\" src=\"\/\/traumatologiadelnorte.com\/pr\/wp-content\/uploads\/2018\/08\/01tn.jpg\" title=\"01tn\" width=\"1538\" height=\"464\" data-bg=\"p:center top;f:contain;\" class=\"rev-slidebg\" data-no-retina>\n<!---->\t\t\t\t\t\t<\/rs-slide>\n\t\t\t\t\t\t<rs-slide data-key=\"rs-5\" data-title=\"Slide\" data-anim=\"ei:d;eo:d;s:d;r:0;t:slotfade-vertical;sl:d;\">\n\t\t\t\t\t\t\t<img loading=\"lazy\" decoding=\"async\" src=\"\/\/traumatologiadelnorte.com\/pr\/wp-content\/uploads\/2018\/08\/02tn.jpg\" title=\"02tn\" width=\"1538\" height=\"464\" data-bg=\"p:center top;f:contain;\" class=\"rev-slidebg\" data-no-retina>\n<!---->\t\t\t\t\t\t<\/rs-slide>\n\t\t\t\t\t\t<rs-slide data-key=\"rs-6\" data-title=\"Slide\" data-anim=\"ei:d,d;eo:d,d;s:d,d;r:0,0;t:slotfade-horizontal,slotfade-vertical;sl:d,d;\">\n\t\t\t\t\t\t\t<img loading=\"lazy\" decoding=\"async\" src=\"\/\/traumatologiadelnorte.com\/pr\/wp-content\/uploads\/2018\/08\/03tn.jpg\" title=\"03tn\" width=\"1538\" height=\"464\" data-bg=\"p:center top;f:contain;\" class=\"rev-slidebg\" data-no-retina>\n<!---->\t\t\t\t\t\t<\/rs-slide>\n\t\t\t\t\t\t<rs-slide data-key=\"rs-18\" data-title=\"Slide\" data-anim=\"ei:d;eo:d;s:d;r:0;t:slotfade-vertical;sl:d;\">\n\t\t\t\t\t\t\t<img loading=\"lazy\" decoding=\"async\" src=\"\/\/traumatologiadelnorte.com\/pr\/wp-content\/uploads\/2018\/08\/004tn.jpg\" title=\"004tn\" width=\"1538\" height=\"464\" data-bg=\"p:center top;f:contain;\" class=\"rev-slidebg\" data-no-retina>\n<!---->\t\t\t\t\t\t<\/rs-slide>\n\t\t\t\t\t<\/rs-slides>\n\t\t\t\t\t<rs-progress class=\"rs-bottom\" style=\"visibility: hidden !important;\"><\/rs-progress>\n\t\t\t\t<\/rs-module>\n\t\t\t\t<script type=\"text\/javascript\">\n\t\t\t\t\tsetREVStartSize({c: 'rev_slider_3_1',rl:[1240,1024,778,480],el:[380],gw:[1240],gh:[380],layout:'fullwidth',mh:\"0\"});\n\t\t\t\t\tvar\trevapi3,\n\t\t\t\t\t\ttpj;\n\t\t\t\t\tjQuery(function() {\n\t\t\t\t\t\ttpj = jQuery;\n\t\t\t\t\t\tif(tpj(\"#rev_slider_3_1\").revolution == undefined){\n\t\t\t\t\t\t\trevslider_showDoubleJqueryError(\"#rev_slider_3_1\");\n\t\t\t\t\t\t}else{\n\t\t\t\t\t\t\trevapi3 = tpj(\"#rev_slider_3_1\").show().revolution({\n\t\t\t\t\t\t\t\tjsFileLocation:\"\/\/traumatologiadelnorte.com\/pr\/wp-content\/plugins\/revslider\/public\/assets\/js\/\",\n\t\t\t\t\t\t\t\tsliderLayout:\"fullwidth\",\n\t\t\t\t\t\t\t\tduration:\"4000ms\",\n\t\t\t\t\t\t\t\tvisibilityLevels:\"1240,1024,778,480\",\n\t\t\t\t\t\t\t\tgridwidth:1240,\n\t\t\t\t\t\t\t\tgridheight:380,\n\t\t\t\t\t\t\t\tminHeight:\"\",\n\t\t\t\t\t\t\t\tspinner:\"spinner0\",\n\t\t\t\t\t\t\t\teditorheight:\"380,768,960,720\",\n\t\t\t\t\t\t\t\tresponsiveLevels:\"1240,1024,778,480\",\n\t\t\t\t\t\t\t\tdisableProgressBar:\"on\",\n\t\t\t\t\t\t\t\tnavigation: {\n\t\t\t\t\t\t\t\t\tonHoverStop:false\n\t\t\t\t\t\t\t\t},\n\t\t\t\t\t\t\t\tfallbacks: {\n\t\t\t\t\t\t\t\t\tallowHTML5AutoPlayOnAndroid:true\n\t\t\t\t\t\t\t\t},\n\t\t\t\t\t\t\t});\n\t\t\t\t\t\t}\n\t\t\t\t\t\t\n\t\t\t\t\t});\n\t\t\t\t<\/script>\n\t\t\t<\/rs-module-wrap>\n\t\t\t<!-- END REVOLUTION SLIDER -->\n[\/vc_column][\/vc_row][vc_row][vc_column]\r\n            \r\n            <div class=\"sh-empty-space vc_empty_space sh-empty-space-w0o6DbLNTG  \" style=\"height: 60px\">\r\n                <span class=\"vc_empty_space_inner\"><\/span>\r\n            <\/div>\r\n\r\n        [\/vc_column][\/vc_row][vc_row overflow=\u00bbdefault\u00bb css=\u00bb.vc_custom_1575186726222{padding-bottom: 0px !important;}\u00bb][vc_column width=\u00bb1\/4&#8243; overflow=\u00bbdefault\u00bb][\/vc_column][vc_column css_animation=\u00bbfadeInUp\u00bb width=\u00bb1\/2&#8243; overflow=\u00bbdefault\u00bb css=\u00bb.vc_custom_1579635291967{margin-bottom: 35px !important;border-top-width: 2px !important;border-right-width: 2px !important;border-bottom-width: 2px !important;border-left-width: 2px !important;border-left-color: #506e5b !important;border-left-style: solid !important;border-right-color: #506e5b !important;border-right-style: solid !important;border-top-color: #506e5b !important;border-top-style: solid !important;border-bottom-color: #506e5b !important;border-bottom-style: solid !important;border-radius: 35px !important;}\u00bb][vc_row_inner shadow=\u00bbshadow2&#8243; overflow=\u00bbdefault\u00bb css=\u00bb.vc_custom_1575197869423{background-color: #628d72 !important;}\u00bb][vc_column_inner width=\u00bb1\/4&#8243; overflow=\u00bbdefault\u00bb css=\u00bb.vc_custom_1575185232672{padding-top: 5px !important;}\u00bb][vc_icon icon_fontawesome=\u00bbfa fa-handshake-o\u00bb color=\u00bbgrey\u00bb background_style=\u00bbrounded-outline\u00bb align=\u00bbcenter\u00bb css=\u00bb.vc_custom_1575185383507{margin-top: 0px !important;margin-right: 0px !important;margin-bottom: 0px !important;margin-left: 0px !important;padding-bottom: 0px !important;}\u00bb][\/vc_column_inner][vc_column_inner width=\u00bb3\/4&#8243; overflow=\u00bbdefault\u00bb css=\u00bb.vc_custom_1575200147771{padding-top: 20px !important;}\u00bb offset=\u00bbvc_hidden-xs\u00bb]\r\n\r\n\t<div class=\"sh-heading sh-heading-style1\" id=\"heading-bD1Cjaw42N\">\r\n\t\t<h2 class=\"sh-heading-content size-default\">\r\n\t\t\t<\/span>\n<h2 class=\"title\"><span style=\"color: #ffffff;\">\u00a0 \u00a0 \u00a0 \u00a0 \u00a0 Prestaciones<\/span><\/h2>\n<span>\t\t<\/h2>\r\n\t<\/div>\r\n\r\n            <style type=\"text\/css\">\r\n                #heading-bD1Cjaw42N .sh-heading-content {font-weight: 400!important;}            <\/style>\r\n        [\/vc_column_inner][vc_column_inner overflow=\u00bbdefault\u00bb offset=\u00bbvc_hidden-lg vc_hidden-md vc_hidden-sm\u00bb css=\u00bb.vc_custom_1575200988189{padding-top: 10px !important;}\u00bb]\r\n\r\n\t<div class=\"sh-heading sh-heading-style1\" id=\"heading-ndXfWCP4V3\">\r\n\t\t<h2 class=\"sh-heading-content size-default\">\r\n\t\t\t<\/span>\n<h2 class=\"title\" style=\"text-align: center;\"><span style=\"color: #ffffff;\">Prestaciones<\/span><\/h2>\n<span>\t\t<\/h2>\r\n\t<\/div>\r\n\r\n            <style type=\"text\/css\">\r\n                #heading-ndXfWCP4V3 .sh-heading-content {font-weight: 400!important;}            <\/style>\r\n        [\/vc_column_inner][\/vc_row_inner][vc_row_inner][vc_column_inner]\r\n<div id=\"text-block-L0rnANHge3\" class=\"sh-text-block\">\r\n\tPara darle una atenci\u00f3n a la altura de los mejores centros de atenci\u00f3n del pa\u00eds, contamos con:<\/p>\n<ul>\n<li>Radiolog\u00eda digital. Dos digitalizadores CR Elite modelo 2012 marca Kodak de \u00faltima generaci\u00f3n<\/li>\n<li>3 salas de rayos x + 2 equipos de rx port\u00e1tiles<\/li>\n<li>Un equipo arco en C Philips modelo BV-300<\/li>\n<li>Un equipo Arco en C Toshiba modelo SXT-6<\/li>\n<li>13 consultorios dedicados a traumatolog\u00eda y ortopedia<\/li>\n<li>Sistema computarizado de historias cl\u00ednicas<\/li>\n<li>Sistema computarizado para visualizar im\u00e1genes digitales en todos los consultorios, terapia y quir\u00f3fanos. Adem\u00e1s se puede acceder v\u00eda web a dichas im\u00e1genes desde cualquier lugar en donde se encuentre el m\u00e9dico.<\/li>\n<li>5 quir\u00f3fanos, uno de ellos con flujo laminar<\/li>\n<li>2 salas de curaciones con 3 camillas cada una<\/li>\n<li>Laboratorio de investigaci\u00f3n avalado y reconocido por la Sociedad Argentina de Cirug\u00eda de Mano.<\/li>\n<li>Biblioteca<\/li>\n<li>Suscripci\u00f3n a revistas especializadas.<\/li>\n<li>Ateneos todos los d\u00edas<\/li>\n<\/ul>\n<p><\/div>\r\n            <style type=\"text\/css\">\r\n                #text-block-L0rnANHge3 {margin: 0px 0px 15px 0px;}#text-block-L0rnANHge3 a:hover,#text-block-L0rnANHge3 a:focus {color: #10a0c0;}#text-block-L0rnANHge3 .drop-cap {font-weight: bold;font-size: 50px;display: block;float: left;margin: 8px 10px 0 0;}            <\/style>\r\n        [\/vc_column_inner][\/vc_row_inner]\r\n            \r\n            <div class=\"sh-empty-space vc_empty_space sh-empty-space-jMGnVS72BX  \" style=\"height: 20px\">\r\n                <span class=\"vc_empty_space_inner\"><\/span>\r\n            <\/div>\r\n\r\n        [vc_single_image image=\u00bb641&#8243; img_size=\u00bbfull\u00bb alignment=\u00bbcenter\u00bb style=\u00bbvc_box_shadow_border\u00bb]\r\n            \r\n            <div class=\"sh-empty-space vc_empty_space sh-empty-space-rMUX48jE3l  \" style=\"height: 12px\">\r\n                <span class=\"vc_empty_space_inner\"><\/span>\r\n            <\/div>\r\n\r\n        [\/vc_column][vc_column width=\u00bb1\/4&#8243; overflow=\u00bbdefault\u00bb][\/vc_column][vc_column][\/vc_column][vc_column width=\u00bb1\/4&#8243; overflow=\u00bbdefault\u00bb][\/vc_column][vc_column css_animation=\u00bbfadeInUp\u00bb width=\u00bb1\/2&#8243; overflow=\u00bbdefault\u00bb css=\u00bb.vc_custom_1582009887693{margin-bottom: 35px !important;border-top-width: 2px !important;border-right-width: 2px !important;border-bottom-width: 2px !important;border-left-width: 2px !important;border-left-color: #506e5b !important;border-left-style: solid !important;border-right-color: #506e5b !important;border-right-style: solid !important;border-top-color: #506e5b !important;border-top-style: solid !important;border-bottom-color: #506e5b !important;border-bottom-style: solid !important;border-radius: 35px !important;}\u00bb][vc_row_inner shadow=\u00bbshadow2&#8243; overflow=\u00bbdefault\u00bb css=\u00bb.vc_custom_1575197899393{margin-bottom: 0px !important;padding-bottom: 0px !important;background-color: #628d72 !important;}\u00bb][vc_column_inner width=\u00bb1\/4&#8243; overflow=\u00bbdefault\u00bb css=\u00bb.vc_custom_1575185232672{padding-top: 5px !important;}\u00bb][vc_icon icon_fontawesome=\u00bbfa fa-flask\u00bb color=\u00bbgrey\u00bb background_style=\u00bbrounded-outline\u00bb align=\u00bbcenter\u00bb css=\u00bb.vc_custom_1575186000668{margin-top: 0px !important;margin-right: 0px !important;margin-bottom: 0px !important;margin-left: 0px !important;padding-bottom: 0px !important;}\u00bb][\/vc_column_inner][vc_column_inner width=\u00bb3\/4&#8243; overflow=\u00bbdefault\u00bb css=\u00bb.vc_custom_1575200255587{padding-top: 20px !important;}\u00bb offset=\u00bbvc_hidden-xs\u00bb]\r\n\r\n\t<div class=\"sh-heading sh-heading-style1\" id=\"heading-80I1PsuGJ9\">\r\n\t\t<h2 class=\"sh-heading-content size-default\">\r\n\t\t\t<\/span>\n<h2 class=\"title\"><span style=\"color: #ffffff;\">\u00a0 \u00a0 \u00a0 \u00a0 Laboratorio<\/span><\/h2>\n<span>\t\t<\/h2>\r\n\t<\/div>\r\n\r\n            <style type=\"text\/css\">\r\n                #heading-80I1PsuGJ9 .sh-heading-content {font-weight: 400!important;}            <\/style>\r\n        [\/vc_column_inner][vc_column_inner overflow=\u00bbdefault\u00bb offset=\u00bbvc_hidden-lg vc_hidden-md vc_hidden-sm\u00bb css=\u00bb.vc_custom_1575201021560{padding-top: 10px !important;}\u00bb]\r\n\r\n\t<div class=\"sh-heading sh-heading-style1\" id=\"heading-80bTuGLcng\">\r\n\t\t<h2 class=\"sh-heading-content size-default\">\r\n\t\t\t<\/span>\n<h2 class=\"title\" style=\"text-align: center;\"><span style=\"color: #ffffff;\">Laboratorio<\/span><\/h2>\n<span>\t\t<\/h2>\r\n\t<\/div>\r\n\r\n            <style type=\"text\/css\">\r\n                #heading-80bTuGLcng .sh-heading-content {font-weight: 400!important;}            <\/style>\r\n        [\/vc_column_inner][\/vc_row_inner][vc_row_inner][vc_column_inner]\r\n<div id=\"text-block-l8IUaEV7dq\" class=\"sh-text-block\">\r\n\tContamos con un laboratorio de investigaci\u00f3n avalado y reconocido por la Sociedad Argentina de Cirugia de Mano.<\/div>\r\n            <style type=\"text\/css\">\r\n                #text-block-l8IUaEV7dq {margin: 0px 0px 15px 0px;}#text-block-l8IUaEV7dq a:hover,#text-block-l8IUaEV7dq a:focus {color: #10a0c0;}#text-block-l8IUaEV7dq .drop-cap {font-weight: bold;font-size: 50px;display: block;float: left;margin: 8px 10px 0 0;}            <\/style>\r\n        [\/vc_column_inner][\/vc_row_inner][\/vc_column][vc_column width=\u00bb1\/4&#8243; overflow=\u00bbdefault\u00bb][\/vc_column][\/vc_row][vc_row][vc_column]\r\n            \r\n            <div class=\"sh-empty-space vc_empty_space sh-empty-space-KXeYbkR7U0  \" style=\"height: 5px\">\r\n                <span class=\"vc_empty_space_inner\"><\/span>\r\n            <\/div>\r\n\r\n        [\/vc_column][\/vc_row][vc_row css_animation=\u00bbnone\u00bb overflow=\u00bbdefault\u00bb css=\u00bb.vc_custom_1575187807010{border-radius: 35px !important;}\u00bb][vc_column width=\u00bb1\/4&#8243; overflow=\u00bbdefault\u00bb][\/vc_column][vc_column css_animation=\u00bbfadeInUp\u00bb width=\u00bb1\/2&#8243; overflow=\u00bbdefault\u00bb css=\u00bb.vc_custom_1575187813000{border-top-width: 2px !important;border-right-width: 2px !important;border-bottom-width: 2px !important;border-left-width: 2px !important;border-left-color: #506e5b !important;border-left-style: solid !important;border-right-color: #506e5b !important;border-right-style: solid !important;border-top-color: #506e5b !important;border-top-style: solid !important;border-bottom-color: #506e5b !important;border-bottom-style: solid !important;border-radius: 35px !important;}\u00bb][vc_row_inner shadow=\u00bbshadow2&#8243; overflow=\u00bbdefault\u00bb css=\u00bb.vc_custom_1575197912388{margin-bottom: 0px !important;padding-bottom: 0px !important;background-color: #628d72 !important;}\u00bb][vc_column_inner width=\u00bb1\/4&#8243; overflow=\u00bbdefault\u00bb css=\u00bb.vc_custom_1575185232672{padding-top: 5px !important;}\u00bb][vc_icon icon_fontawesome=\u00bbfa fa-hospital-o\u00bb color=\u00bbgrey\u00bb background_style=\u00bbrounded-outline\u00bb align=\u00bbcenter\u00bb css=\u00bb.vc_custom_1575189633512{margin-top: 0px !important;margin-right: 0px !important;margin-bottom: 0px !important;margin-left: 0px !important;padding-bottom: 0px !important;}\u00bb][\/vc_column_inner][vc_column_inner width=\u00bb3\/4&#8243; overflow=\u00bbdefault\u00bb css=\u00bb.vc_custom_1575200306713{padding-top: 20px !important;}\u00bb offset=\u00bbvc_hidden-xs\u00bb]\r\n\r\n\t<div class=\"sh-heading sh-heading-style1\" id=\"heading-sXpJreYMWb\">\r\n\t\t<h2 class=\"sh-heading-content size-default\">\r\n\t\t\t<\/span>\n<h2 class=\"title\"><span style=\"color: #ffffff;\">\u00a0 \u00a0 \u00a0 \u00a0 \u00a0 Residencia<\/span><\/h2>\n<span>\t\t<\/h2>\r\n\t<\/div>\r\n\r\n            <style type=\"text\/css\">\r\n                #heading-sXpJreYMWb .sh-heading-content {font-weight: 400!important;}            <\/style>\r\n        [\/vc_column_inner][vc_column_inner overflow=\u00bbdefault\u00bb offset=\u00bbvc_hidden-lg vc_hidden-md vc_hidden-sm\u00bb css=\u00bb.vc_custom_1575201029137{padding-top: 10px !important;}\u00bb]\r\n\r\n\t<div class=\"sh-heading sh-heading-style1\" id=\"heading-04zr3PpREa\">\r\n\t\t<h2 class=\"sh-heading-content size-default\">\r\n\t\t\t<\/span>\n<h2 class=\"title\" style=\"text-align: center;\"><span style=\"color: #ffffff;\">Residencia<\/span><\/h2>\n<span>\t\t<\/h2>\r\n\t<\/div>\r\n\r\n            <style type=\"text\/css\">\r\n                #heading-04zr3PpREa .sh-heading-content {font-weight: 400!important;}            <\/style>\r\n        [\/vc_column_inner][\/vc_row_inner][vc_row_inner overflow=\u00bbdefault\u00bb][vc_column_inner overflow=\u00bbdefault\u00bb]\r\n<div id=\"text-block-RuoW6TZjYG\" class=\"sh-text-block\">\r\n\tEl Servicio de Traumatolog\u00eda y Ortopedia cuenta con residencia donde actualmente est\u00e1n form\u00e1ndose 9 m\u00e9dicos. Hay un jefe de residentes y un instructor de residentes que colaboran en la formaci\u00f3n del m\u00e9dico.<\/p>\n<p>La residencia se lleva a cabo durante 4 a\u00f1os, comenzando el 01 de Mayo y terminando el 30 de Abril.<\/p>\n<p>La residencia cuenta con el aval de:<\/p>\n<p><a href=\"http:\/\/traumatologiadelnorte.com\/pr\/wp-content\/uploads\/2019\/12\/Sin-t\u00edtulo-1.png\"><img loading=\"lazy\" decoding=\"async\" class=\"wp-image-582 aligncenter\" src=\"http:\/\/traumatologiadelnorte.com\/pr\/wp-content\/uploads\/2019\/12\/Sin-t\u00edtulo-1-300x45.png\" alt=\"\" width=\"513\" height=\"77\" srcset=\"http:\/\/traumatologiadelnorte.com\/pr\/wp-content\/uploads\/2019\/12\/Sin-t\u00edtulo-1-300x45.png 300w, http:\/\/traumatologiadelnorte.com\/pr\/wp-content\/uploads\/2019\/12\/Sin-t\u00edtulo-1-660x100.png 660w, http:\/\/traumatologiadelnorte.com\/pr\/wp-content\/uploads\/2019\/12\/Sin-t\u00edtulo-1.png 670w\" sizes=\"auto, (max-width: 513px) 100vw, 513px\" \/><\/a><\/p>\n<hr \/>\n<p><span style=\"font-size: 18px;\"><strong>Ingreso<\/strong><\/span><\/p>\n<p>Para el ingreso, se dar\u00e1 preferencia a aquellos graduados de no mas de 5 (cinco) a\u00f1os de haber obtenido su t\u00edtulo habilitante, al momento de su inscripci\u00f3n. El ingreso deber\u00e1 ser por selecci\u00f3n basada en:<\/p>\n<p>1) Promedio de carrera universitaria.<br \/>\n2) Clasificaci\u00f3n de examen de respuestas m\u00faltiples para determinar conocimiento.<br \/>\n3) Entrevista personal.<br \/>\n4) Prueba de idioma ingles.<\/p>\n<hr \/>\n<p><span style=\"font-size: 18px;\"><strong>Perfil del residente<\/strong><\/span><\/p>\n<p>Se pretende formar un profesional que posea:<\/p>\n<ul>\n<li>S\u00f3lidas bases cient\u00edficas.<\/li>\n<li>Capacidad para resolver las patolog\u00eda traumatol\u00f3gicas y ortop\u00e9dicas prevalentes en la comunidad.<\/li>\n<li>Conocimiento de la realidad m\u00e9dico \u2013 social de su comunidad.<\/li>\n<li>Capacidad de integraci\u00f3n a grupos de trabajo e interdisciplinarios.<\/li>\n<li>Adecuada relaci\u00f3n m\u00e9dico \u2013 paciente.<\/li>\n<li>Aptitudes adquiridas para la educaci\u00f3n continua.<\/li>\n<\/ul>\n<hr \/>\n<p><span style=\"font-size: 18px;\"><strong>Metodolog\u00eda<\/strong><\/span><\/p>\n<p>Se utilizar\u00e1n todas aquellas estrategias tendientes a facilitar el aprendizaje de conocimientos y habilidades necesarias para lograr un desempe\u00f1o eficiente de la especialidad. Por ello se procurar\u00e1 durante la residencia que el educando tenga actividades asistenciales, acad\u00e9micas y de investigaci\u00f3n b\u00e1sica aplicada.<\/p>\n<p>Las actividades para obtener el logro del objetivo general ser\u00e1n:<\/p>\n<ul>\n<li>Pr\u00e1cticas de anatom\u00eda.<\/li>\n<li>Actividades cient\u00edficas (revistas generales de sala, ateneos cl\u00ednicos, ateneos bibliogr\u00e1ficos).<\/li>\n<li>Actividades en consultorios externos y salas de internaci\u00f3n de la especialidad.<\/li>\n<li>Actividades de sala de yeso.<\/li>\n<li>Actividades quir\u00fargicas.<\/li>\n<li>Actividades de formaci\u00f3n (cursos internos y externos, jornadas, congresos).<\/li>\n<li>Investigaciones cl\u00ednicas &#8211; B\u00fasqueda bibliogr\u00e1fica.<\/li>\n<li>Curso de anatom\u00eda patol\u00f3gica.<\/li>\n<li>Guardias activas de la especialidad.<\/li>\n<li>Colaborar en la docencia de pre-grado.<\/li>\n<li>Rotaci\u00f3n por cirug\u00eda vascular y pl\u00e1stica.<\/li>\n<li>En el curso de su formaci\u00f3n, rotar\u00e1 per\u00edodos fijos por los distintos equipos que constituyen el Servicio de Traumatolog\u00eda y Ortopedia.<\/li>\n<\/ul>\n<hr \/>\n<p><span style=\"font-size: 18px;\"><strong>Evaluaci\u00f3n<\/strong><\/span><\/p>\n<p>La evaluaci\u00f3n del residente ser\u00e1 peri\u00f3dica, realizada por el instructor o jefe de residentes y avalada por el Director de la residencia y el Jefe de Departamento.<\/p>\n<p>De la misma se entregar\u00e1 un informe al residente.<\/p>\n<p>En dicha evaluaci\u00f3n se tendr\u00e1 en cuenta:<\/p>\n<p>a) El seguimiento diario de sus actividades<br \/>\nb) Un registro de las actividades que desarrolla a lo largo del a\u00f1o acad\u00e9mico<br \/>\nc) Su predisposici\u00f3n al trabajo<br \/>\nd) Sus aptitudes de integraci\u00f3n al grupo<br \/>\ne) Su relaci\u00f3n m\u00e9dico paciente<\/p>\n<p>La metodolog\u00eda adoptada por el Servicio de Traumatolog\u00eda y Ortopedia del Sanatorio del Norte para que un residente pueda aprobar el a\u00f1o es presentar un trabajo cient\u00edfico que contenga todo lo aprendido durante el a\u00f1o basado en el programa de residencia. Dicho trabajo ser\u00e1 coordinado por el Jefe del Servicio de Traumatolog\u00eda, con la colaboraci\u00f3n del Jefe de residentes, Instructor de Residentes y M\u00e9dicos Especialistas de los diferentes sectores: miembro superior, miembro inferior, trauma, columna, etc.<\/p>\n<p>La intenci\u00f3n es que cada trabajo sea presentado posteriormente en la Asociaci\u00f3n Argentina de Ortopedia y Traumatolog\u00eda para posibles publicaciones en la revista de la AAOT.<\/p>\n<hr \/>\n<p><span style=\"font-size: 18px;\"><strong>Fecha de examen \u2013 Ingreso a residencia<\/strong><\/span><\/p>\n<p>La residencia de Traumatolog\u00eda y Ortopedia se lleva a cabo durante 4 a\u00f1os, comenzando el 01 de Mayo y terminando el 30 de Abril. La fecha de examen ser\u00e1 la primera semana de Abril de cada a\u00f1o.<\/p>\n<p>Tanto el examen como la entrevista posterior contar\u00e1n con la presencia del jefe de residentes saliente, el jefe de residentes que empieza su mandato, el director m\u00e9dico del Sanatorio, el Director de Residencia, un psic\u00f3logo, personas designadas por Facultad de Medicina de la Universidad Nacional de Tucum\u00e1n y los m\u00e9dicos de staff del Servicio.<\/p>\n<p>Requisitos para inscripcion a examen de residencia<\/p>\n<ul>\n<li>Ser ciudadano: Argentino nativo o naturalizado. Extranjeros: con rev\u00e1lida de t\u00edtulo y\/o matr\u00edcula habilitante.<\/li>\n<li>Ser m\u00e9dico egresado de una Universidad p\u00fablica o privada con reconocimiento estatal.<\/li>\n<li>Edad: hasta 30 (treinta) a\u00f1os cumplidos a la fecha del examen.<\/li>\n<li>Promedio m\u00ednimo con aplazos: 5.00 (cinco) puntos.<\/li>\n<li>A\u00f1os de recibido: no m\u00e1s de 5 (cinco).<\/li>\n<li>Fecha de inscripci\u00f3n: del 22 de marzo de 201\u2026 al 01 de abril de 201\u2026<\/li>\n<\/ul>\n<hr \/>\n<p><span style=\"font-size: 18px;\"><strong>Documentaci\u00f3n a presentar<\/strong><\/span><br \/>\n(fotocopias autenticadas)<\/p>\n<p>1) Fotocopia del t\u00edtulo o constancia de t\u00edtulo en tr\u00e1mite.<br \/>\n2) Fotocopia del anal\u00edtico de materias.<br \/>\n3) Fotocopia del certificado de promedio con aplazos (si no est\u00e1 inclu\u00eddo en el anal\u00edtico).<br \/>\n4) Fotocopia del DNI (p\u00e1g. 1 y 2).<br \/>\n5) Curriculum Vitae.<br \/>\n6) Completar y entregar la\u00a0<strong><span style=\"color: #339966;\"><a style=\"color: #339966;\" href=\"http:\/\/www.traumatologiadelnorte.com\/images\/solicitud-residencia.pdf\" target=\"blank\" rel=\"noopener noreferrer\">solicitud de inscripci\u00f3n<\/a><\/span>.<\/strong><\/div>\r\n            <style type=\"text\/css\">\r\n                #text-block-RuoW6TZjYG {margin: 0px 0px 15px 0px;}#text-block-RuoW6TZjYG a:hover,#text-block-RuoW6TZjYG a:focus {color: #10a0c0;}#text-block-RuoW6TZjYG .drop-cap {font-weight: bold;font-size: 50px;display: block;float: left;margin: 8px 10px 0 0;}            <\/style>\r\n        [\/vc_column_inner][\/vc_row_inner][\/vc_column][vc_column width=\u00bb1\/4&#8243; overflow=\u00bbdefault\u00bb][\/vc_column][\/vc_row][vc_row][vc_column]\r\n            \r\n            <div class=\"sh-empty-space vc_empty_space sh-empty-space-mvaYOoXGQA  \" style=\"height: 25px\">\r\n                <span class=\"vc_empty_space_inner\"><\/span>\r\n            <\/div>\r\n\r\n        [\/vc_column][\/vc_row]<\/p>\n","protected":false},"excerpt":{"rendered":"<p>[vc_row][vc_column][\/vc_column][\/vc_row][vc_row][vc_column][\/vc_column][\/vc_row][vc_row overflow=\u00bbdefault\u00bb css=\u00bb.vc_custom_1575186726222{padding-bottom: 0px !important;}\u00bb][vc_column width=\u00bb1\/4&#8243; overflow=\u00bbdefault\u00bb][\/vc_column][vc_column css_animation=\u00bbfadeInUp\u00bb width=\u00bb1\/2&#8243; overflow=\u00bbdefault\u00bb css=\u00bb.vc_custom_1579635291967{margin-bottom: 35px !important;border-top-width: 2px !important;border-right-width: 2px !important;border-bottom-width: 2px !important;border-left-width: 2px !important;border-left-color: #506e5b !important;border-left-style: solid !important;border-right-color: #506e5b !important;border-right-style: solid !important;border-top-color: #506e5b !important;border-top-style: solid !important;border-bottom-color: #506e5b !important;border-bottom-style: solid !important;border-radius: 35px !important;}\u00bb][vc_row_inner shadow=\u00bbshadow2&#8243; overflow=\u00bbdefault\u00bb css=\u00bb.vc_custom_1575197869423{background-color: #628d72 !important;}\u00bb][vc_column_inner width=\u00bb1\/4&#8243;&#8230;<\/p>\n","protected":false},"author":2,"featured_media":0,"parent":0,"menu_order":0,"comment_status":"closed","ping_status":"closed","template":"","meta":{"footnotes":""},"class_list":["post-452","page","type-page","status-publish","hentry"],"_links":{"self":[{"href":"http:\/\/traumatologiadelnorte.com\/pr\/wp-json\/wp\/v2\/pages\/452","targetHints":{"allow":["GET"]}}],"collection":[{"href":"http:\/\/traumatologiadelnorte.com\/pr\/wp-json\/wp\/v2\/pages"}],"about":[{"href":"http:\/\/traumatologiadelnorte.com\/pr\/wp-json\/wp\/v2\/types\/page"}],"author":[{"embeddable":true,"href":"http:\/\/traumatologiadelnorte.com\/pr\/wp-json\/wp\/v2\/users\/2"}],"replies":[{"embeddable":true,"href":"http:\/\/traumatologiadelnorte.com\/pr\/wp-json\/wp\/v2\/comments?post=452"}],"version-history":[{"count":17,"href":"http:\/\/traumatologiadelnorte.com\/pr\/wp-json\/wp\/v2\/pages\/452\/revisions"}],"predecessor-version":[{"id":732,"href":"http:\/\/traumatologiadelnorte.com\/pr\/wp-json\/wp\/v2\/pages\/452\/revisions\/732"}],"wp:attachment":[{"href":"http:\/\/traumatologiadelnorte.com\/pr\/wp-json\/wp\/v2\/media?parent=452"}],"curies":[{"name":"wp","href":"https:\/\/api.w.org\/{rel}","templated":true}]}}