{"id":425,"date":"2019-11-26T01:01:28","date_gmt":"2019-11-26T01:01:28","guid":{"rendered":"http:\/\/traumatologiadelnorte.com\/pr\/?page_id=425"},"modified":"2021-08-23T16:41:45","modified_gmt":"2021-08-23T16:41:45","slug":"guardia","status":"publish","type":"page","link":"http:\/\/traumatologiadelnorte.com\/pr\/guardia\/","title":{"rendered":"Guardia"},"content":{"rendered":"<p>[vc_row][vc_column]\n\t\t\t<!-- START Slider 1 1 REVOLUTION SLIDER 6.1.5 --><p class=\"rs-p-wp-fix\"><\/p>\n\t\t\t<rs-module-wrap id=\"rev_slider_8_1_wrapper\" data-source=\"gallery\" style=\"background:transparent;padding:0;margin:0px auto;margin-top:0;margin-bottom:0;\">\n\t\t\t\t<rs-module id=\"rev_slider_8_1\" style=\"display:none;\" data-version=\"6.1.5\">\n\t\t\t\t\t<rs-slides>\n\t\t\t\t\t\t<rs-slide data-key=\"rs-29\" data-title=\"Slide\" data-anim=\"ei:d;eo:d;s:d;r:0;t:slotfade-vertical;sl:d;\">\n\t\t\t\t\t\t\t<img loading=\"lazy\" decoding=\"async\" src=\"\/\/traumatologiadelnorte.com\/pr\/wp-content\/uploads\/2018\/08\/1.jpg\" title=\"1\" width=\"910\" height=\"280\" data-bg=\"p:center top;f:contain;\" class=\"rev-slidebg\" data-no-retina>\n<!---->\t\t\t\t\t\t<\/rs-slide>\n\t\t\t\t\t\t<rs-slide data-key=\"rs-30\" data-title=\"Slide\" data-anim=\"ei:d;eo:d;s:d;r:0;t:slotfade-vertical;sl:d;\">\n\t\t\t\t\t\t\t<img loading=\"lazy\" decoding=\"async\" src=\"\/\/traumatologiadelnorte.com\/pr\/wp-content\/uploads\/2018\/08\/2.jpg\" title=\"2\" width=\"910\" height=\"280\" data-bg=\"p:center top;f:contain;\" class=\"rev-slidebg\" data-no-retina>\n<!---->\t\t\t\t\t\t<\/rs-slide>\n\t\t\t\t\t\t<rs-slide data-key=\"rs-31\" data-title=\"Slide\" data-anim=\"ei:d;eo:d;s:d;r:0;t:slotfade-vertical;sl:d;\">\n\t\t\t\t\t\t\t<img loading=\"lazy\" decoding=\"async\" src=\"\/\/traumatologiadelnorte.com\/pr\/wp-content\/uploads\/2018\/08\/3.jpg\" title=\"3\" width=\"910\" height=\"280\" data-bg=\"p:center top;f:contain;\" class=\"rev-slidebg\" data-no-retina>\n<!---->\t\t\t\t\t\t<\/rs-slide>\n\t\t\t\t\t<\/rs-slides>\n\t\t\t\t\t<rs-progress class=\"rs-bottom\" style=\"visibility: hidden !important;\"><\/rs-progress>\n\t\t\t\t<\/rs-module>\n\t\t\t\t<script type=\"text\/javascript\">\n\t\t\t\t\tsetREVStartSize({c: 'rev_slider_8_1',rl:[1240,1024,778,480],el:[380],gw:[1240],gh:[380],layout:'fullwidth',mh:\"0\"});\n\t\t\t\t\tvar\trevapi8,\n\t\t\t\t\t\ttpj;\n\t\t\t\t\tjQuery(function() {\n\t\t\t\t\t\ttpj = jQuery;\n\t\t\t\t\t\tif(tpj(\"#rev_slider_8_1\").revolution == undefined){\n\t\t\t\t\t\t\trevslider_showDoubleJqueryError(\"#rev_slider_8_1\");\n\t\t\t\t\t\t}else{\n\t\t\t\t\t\t\trevapi8 = tpj(\"#rev_slider_8_1\").show().revolution({\n\t\t\t\t\t\t\t\tjsFileLocation:\"\/\/traumatologiadelnorte.com\/pr\/wp-content\/plugins\/revslider\/public\/assets\/js\/\",\n\t\t\t\t\t\t\t\tsliderLayout:\"fullwidth\",\n\t\t\t\t\t\t\t\tduration:\"4000ms\",\n\t\t\t\t\t\t\t\tvisibilityLevels:\"1240,1024,778,480\",\n\t\t\t\t\t\t\t\tgridwidth:1240,\n\t\t\t\t\t\t\t\tgridheight:380,\n\t\t\t\t\t\t\t\tminHeight:\"\",\n\t\t\t\t\t\t\t\tspinner:\"spinner0\",\n\t\t\t\t\t\t\t\teditorheight:\"380,768,960,720\",\n\t\t\t\t\t\t\t\tresponsiveLevels:\"1240,1024,778,480\",\n\t\t\t\t\t\t\t\tdisableProgressBar:\"on\",\n\t\t\t\t\t\t\t\tnavigation: {\n\t\t\t\t\t\t\t\t\tonHoverStop:false\n\t\t\t\t\t\t\t\t},\n\t\t\t\t\t\t\t\tfallbacks: {\n\t\t\t\t\t\t\t\t\tallowHTML5AutoPlayOnAndroid:true\n\t\t\t\t\t\t\t\t},\n\t\t\t\t\t\t\t});\n\t\t\t\t\t\t}\n\t\t\t\t\t\t\n\t\t\t\t\t});\n\t\t\t\t<\/script>\n\t\t\t<\/rs-module-wrap>\n\t\t\t<!-- END REVOLUTION SLIDER -->\n[\/vc_column][\/vc_row][vc_row][vc_column]\r\n            \r\n            <div class=\"sh-empty-space vc_empty_space sh-empty-space-SqdbHGyM0E  \" style=\"height: 60px\">\r\n                <span class=\"vc_empty_space_inner\"><\/span>\r\n            <\/div>\r\n\r\n        [\/vc_column][\/vc_row][vc_row][vc_column width=\u00bb1\/4&#8243;][\/vc_column][vc_column css_animation=\u00bbfadeInUp\u00bb width=\u00bb1\/2&#8243; overflow=\u00bbdefault\u00bb css=\u00bb.vc_custom_1575184239171{border-top-width: 2px !important;border-right-width: 2px !important;border-bottom-width: 2px !important;border-left-width: 2px !important;border-left-color: #506e5b !important;border-left-style: solid !important;border-right-color: #506e5b !important;border-right-style: solid !important;border-top-color: #506e5b !important;border-top-style: solid !important;border-bottom-color: #506e5b !important;border-bottom-style: solid !important;border-radius: 35px !important;}\u00bb][vc_row_inner shadow=\u00bbshadow2&#8243; overflow=\u00bbdefault\u00bb css=\u00bb.vc_custom_1575197770774{background-color: #628d72 !important;}\u00bb][vc_column_inner width=\u00bb1\/4&#8243; overflow=\u00bbdefault\u00bb css=\u00bb.vc_custom_1575184016756{padding-top: 5px !important;}\u00bb][vc_icon icon_fontawesome=\u00bbfa fa-stethoscope\u00bb color=\u00bbgrey\u00bb background_style=\u00bbrounded-outline\u00bb align=\u00bbcenter\u00bb css=\u00bb.vc_custom_1575183909374{margin-top: 0px !important;margin-right: 0px !important;margin-bottom: 0px !important;margin-left: 0px !important;padding-right: 0px !important;}\u00bb][\/vc_column_inner][vc_column_inner width=\u00bb3\/4&#8243; overflow=\u00bbdefault\u00bb css=\u00bb.vc_custom_1575199517936{padding-top: 20px !important;}\u00bb offset=\u00bbvc_hidden-xs\u00bb]\r\n\r\n\t<div class=\"sh-heading sh-heading-style1\" id=\"heading-D2WoTqpvOH\">\r\n\t\t<h2 class=\"sh-heading-content size-default\">\r\n\t\t\t<\/span>\n<h2 class=\"title\"><span style=\"color: #ffffff;\">\u00a0 \u00a0 \u00a0 \u00a0 \u00a0 \u00a0 \u00a0 \u00a0 \u00a0Guardia<\/span><\/h2>\n<span>\t\t<\/h2>\r\n\t<\/div>\r\n\r\n            <style type=\"text\/css\">\r\n                #heading-D2WoTqpvOH .sh-heading-content {font-weight: 400!important;}            <\/style>\r\n        [\/vc_column_inner][vc_column_inner overflow=\u00bbdefault\u00bb offset=\u00bbvc_hidden-lg vc_hidden-md vc_hidden-sm\u00bb css=\u00bb.vc_custom_1575200785813{padding-top: 10px !important;}\u00bb]\r\n\r\n\t<div class=\"sh-heading sh-heading-style1\" id=\"heading-W7zZB9YSGV\">\r\n\t\t<h2 class=\"sh-heading-content size-default\">\r\n\t\t\t<\/span>\n<h2 class=\"title\" style=\"text-align: center;\"><span style=\"color: #ffffff;\">Guardia<\/span><\/h2>\n<span>\t\t<\/h2>\r\n\t<\/div>\r\n\r\n            <style type=\"text\/css\">\r\n                #heading-W7zZB9YSGV .sh-heading-content {font-weight: 400!important;}            <\/style>\r\n        [\/vc_column_inner][\/vc_row_inner][vc_row_inner][vc_column_inner]\r\n<div id=\"text-block-Ac84nz1GWS\" class=\"sh-text-block\">\r\n\tCuenta con servicio de guardia las 24 horas los 365 d\u00edas del a\u00f1o, en donde se brinda atenci\u00f3n de urgencia a pacientes que presentan traumatismos de cualquier complejidad, como as\u00ed tambi\u00e9n el control y resoluci\u00f3n inmediata de problemas que afecten a pacientes que se encuentren internados en el Sanatorio relacionados con la ortopedia y traumatolog\u00eda.<\/p>\n<p>El Servicio a su vez cuenta con equipo t\u00e9cnico e instrumental quir\u00fargico y de diagnostico adecuados de acuerdo con las normas internacionales de los mejores centros de traumatolog\u00eda.<\/p>\n<p>&nbsp;<\/p>\n<p style=\"text-align: center;\"><span style=\"font-size: 18px;\"><strong>Urgencias las 24 hs.<\/strong><\/span><\/p>\n<p style=\"text-align: center;\"><span style=\"font-size: 18px;\"><strong>Internaci\u00f3n en Sanatorio del Norte<\/strong><\/span><\/p>\n<p style=\"text-align: center;\"><span style=\"font-size: 18px;\"><strong>Tel\u00e9fono 4222922 int. 218<\/strong><\/span><\/p>\n<p><\/div>\r\n            <style type=\"text\/css\">\r\n                #text-block-Ac84nz1GWS {margin: 0px 0px 15px 0px;}#text-block-Ac84nz1GWS a:hover,#text-block-Ac84nz1GWS a:focus {color: #10a0c0;}#text-block-Ac84nz1GWS .drop-cap {font-weight: bold;font-size: 50px;display: block;float: left;margin: 8px 10px 0 0;}            <\/style>\r\n        [\/vc_column_inner][\/vc_row_inner][\/vc_column][vc_column width=\u00bb1\/4&#8243;][\/vc_column][\/vc_row][vc_row][vc_column]\r\n            \r\n            <div class=\"sh-empty-space vc_empty_space sh-empty-space-Pd5evb7IwZ  \" style=\"height: 60px\">\r\n                <span class=\"vc_empty_space_inner\"><\/span>\r\n            <\/div>\r\n\r\n        [\/vc_column][\/vc_row]<\/p>\n","protected":false},"excerpt":{"rendered":"<p>[vc_row][vc_column][\/vc_column][\/vc_row][vc_row][vc_column][\/vc_column][\/vc_row][vc_row][vc_column width=\u00bb1\/4&#8243;][\/vc_column][vc_column css_animation=\u00bbfadeInUp\u00bb width=\u00bb1\/2&#8243; overflow=\u00bbdefault\u00bb css=\u00bb.vc_custom_1575184239171{border-top-width: 2px !important;border-right-width: 2px !important;border-bottom-width: 2px !important;border-left-width: 2px !important;border-left-color: #506e5b !important;border-left-style: solid !important;border-right-color: #506e5b !important;border-right-style: solid !important;border-top-color: #506e5b !important;border-top-style: solid !important;border-bottom-color: #506e5b !important;border-bottom-style: solid !important;border-radius: 35px !important;}\u00bb][vc_row_inner shadow=\u00bbshadow2&#8243; overflow=\u00bbdefault\u00bb css=\u00bb.vc_custom_1575197770774{background-color: #628d72 !important;}\u00bb][vc_column_inner width=\u00bb1\/4&#8243; overflow=\u00bbdefault\u00bb css=\u00bb.vc_custom_1575184016756{padding-top: 5px !important;}\u00bb][vc_icon icon_fontawesome=\u00bbfa fa-stethoscope\u00bb color=\u00bbgrey\u00bb&#8230;<\/p>\n","protected":false},"author":2,"featured_media":0,"parent":0,"menu_order":0,"comment_status":"closed","ping_status":"closed","template":"","meta":{"footnotes":""},"class_list":["post-425","page","type-page","status-publish","hentry"],"_links":{"self":[{"href":"http:\/\/traumatologiadelnorte.com\/pr\/wp-json\/wp\/v2\/pages\/425","targetHints":{"allow":["GET"]}}],"collection":[{"href":"http:\/\/traumatologiadelnorte.com\/pr\/wp-json\/wp\/v2\/pages"}],"about":[{"href":"http:\/\/traumatologiadelnorte.com\/pr\/wp-json\/wp\/v2\/types\/page"}],"author":[{"embeddable":true,"href":"http:\/\/traumatologiadelnorte.com\/pr\/wp-json\/wp\/v2\/users\/2"}],"replies":[{"embeddable":true,"href":"http:\/\/traumatologiadelnorte.com\/pr\/wp-json\/wp\/v2\/comments?post=425"}],"version-history":[{"count":20,"href":"http:\/\/traumatologiadelnorte.com\/pr\/wp-json\/wp\/v2\/pages\/425\/revisions"}],"predecessor-version":[{"id":918,"href":"http:\/\/traumatologiadelnorte.com\/pr\/wp-json\/wp\/v2\/pages\/425\/revisions\/918"}],"wp:attachment":[{"href":"http:\/\/traumatologiadelnorte.com\/pr\/wp-json\/wp\/v2\/media?parent=425"}],"curies":[{"name":"wp","href":"https:\/\/api.w.org\/{rel}","templated":true}]}}