{"id":362,"date":"2019-11-26T01:02:44","date_gmt":"2019-11-26T01:02:44","guid":{"rendered":"http:\/\/traumatologiadelnorte.com\/pr\/?page_id=362"},"modified":"2020-01-21T19:49:17","modified_gmt":"2020-01-21T19:49:17","slug":"institucional","status":"publish","type":"page","link":"http:\/\/traumatologiadelnorte.com\/pr\/institucional\/","title":{"rendered":"Institucional"},"content":{"rendered":"<p>[vc_row][vc_column]\n\t\t\t<!-- START Slider 1 1 REVOLUTION SLIDER 6.1.5 --><p class=\"rs-p-wp-fix\"><\/p>\n\t\t\t<rs-module-wrap id=\"rev_slider_8_1_wrapper\" data-source=\"gallery\" style=\"background:transparent;padding:0;margin:0px auto;margin-top:0;margin-bottom:0;\">\n\t\t\t\t<rs-module id=\"rev_slider_8_1\" style=\"display:none;\" data-version=\"6.1.5\">\n\t\t\t\t\t<rs-slides>\n\t\t\t\t\t\t<rs-slide data-key=\"rs-29\" data-title=\"Slide\" data-anim=\"ei:d;eo:d;s:d;r:0;t:slotfade-vertical;sl:d;\">\n\t\t\t\t\t\t\t<img loading=\"lazy\" decoding=\"async\" src=\"\/\/traumatologiadelnorte.com\/pr\/wp-content\/uploads\/2018\/08\/1.jpg\" title=\"1\" width=\"910\" height=\"280\" data-bg=\"p:center top;f:contain;\" class=\"rev-slidebg\" data-no-retina>\n<!---->\t\t\t\t\t\t<\/rs-slide>\n\t\t\t\t\t\t<rs-slide data-key=\"rs-30\" data-title=\"Slide\" data-anim=\"ei:d;eo:d;s:d;r:0;t:slotfade-vertical;sl:d;\">\n\t\t\t\t\t\t\t<img loading=\"lazy\" decoding=\"async\" src=\"\/\/traumatologiadelnorte.com\/pr\/wp-content\/uploads\/2018\/08\/2.jpg\" title=\"2\" width=\"910\" height=\"280\" data-bg=\"p:center top;f:contain;\" class=\"rev-slidebg\" data-no-retina>\n<!---->\t\t\t\t\t\t<\/rs-slide>\n\t\t\t\t\t\t<rs-slide data-key=\"rs-31\" data-title=\"Slide\" data-anim=\"ei:d;eo:d;s:d;r:0;t:slotfade-vertical;sl:d;\">\n\t\t\t\t\t\t\t<img loading=\"lazy\" decoding=\"async\" src=\"\/\/traumatologiadelnorte.com\/pr\/wp-content\/uploads\/2018\/08\/3.jpg\" title=\"3\" width=\"910\" height=\"280\" data-bg=\"p:center top;f:contain;\" class=\"rev-slidebg\" data-no-retina>\n<!---->\t\t\t\t\t\t<\/rs-slide>\n\t\t\t\t\t<\/rs-slides>\n\t\t\t\t\t<rs-progress class=\"rs-bottom\" style=\"visibility: hidden !important;\"><\/rs-progress>\n\t\t\t\t<\/rs-module>\n\t\t\t\t<script type=\"text\/javascript\">\n\t\t\t\t\tsetREVStartSize({c: 'rev_slider_8_1',rl:[1240,1024,778,480],el:[380],gw:[1240],gh:[380],layout:'fullwidth',mh:\"0\"});\n\t\t\t\t\tvar\trevapi8,\n\t\t\t\t\t\ttpj;\n\t\t\t\t\tjQuery(function() {\n\t\t\t\t\t\ttpj = jQuery;\n\t\t\t\t\t\tif(tpj(\"#rev_slider_8_1\").revolution == undefined){\n\t\t\t\t\t\t\trevslider_showDoubleJqueryError(\"#rev_slider_8_1\");\n\t\t\t\t\t\t}else{\n\t\t\t\t\t\t\trevapi8 = tpj(\"#rev_slider_8_1\").show().revolution({\n\t\t\t\t\t\t\t\tjsFileLocation:\"\/\/traumatologiadelnorte.com\/pr\/wp-content\/plugins\/revslider\/public\/assets\/js\/\",\n\t\t\t\t\t\t\t\tsliderLayout:\"fullwidth\",\n\t\t\t\t\t\t\t\tduration:\"4000ms\",\n\t\t\t\t\t\t\t\tvisibilityLevels:\"1240,1024,778,480\",\n\t\t\t\t\t\t\t\tgridwidth:1240,\n\t\t\t\t\t\t\t\tgridheight:380,\n\t\t\t\t\t\t\t\tminHeight:\"\",\n\t\t\t\t\t\t\t\tspinner:\"spinner0\",\n\t\t\t\t\t\t\t\teditorheight:\"380,768,960,720\",\n\t\t\t\t\t\t\t\tresponsiveLevels:\"1240,1024,778,480\",\n\t\t\t\t\t\t\t\tdisableProgressBar:\"on\",\n\t\t\t\t\t\t\t\tnavigation: {\n\t\t\t\t\t\t\t\t\tonHoverStop:false\n\t\t\t\t\t\t\t\t},\n\t\t\t\t\t\t\t\tfallbacks: {\n\t\t\t\t\t\t\t\t\tallowHTML5AutoPlayOnAndroid:true\n\t\t\t\t\t\t\t\t},\n\t\t\t\t\t\t\t});\n\t\t\t\t\t\t}\n\t\t\t\t\t\t\n\t\t\t\t\t});\n\t\t\t\t<\/script>\n\t\t\t<\/rs-module-wrap>\n\t\t\t<!-- END REVOLUTION SLIDER -->\n[\/vc_column][\/vc_row][vc_row][vc_column]\r\n            \r\n            <div class=\"sh-empty-space vc_empty_space sh-empty-space-D2cArPUxo5  \" style=\"height: 60px\">\r\n                <span class=\"vc_empty_space_inner\"><\/span>\r\n            <\/div>\r\n\r\n        [\/vc_column][\/vc_row][vc_row overflow=\u00bbdefault\u00bb css=\u00bb.vc_custom_1579493465509{margin-bottom: 0px !important;border-top-width: 2px !important;border-right-width: 2px !important;border-bottom-width: 2px !important;border-left-width: 2px !important;border-left-color: #506e5b !important;border-right-color: #506e5b !important;border-top-color: #506e5b !important;border-bottom-color: #506e5b !important;}\u00bb][vc_column css_animation=\u00bbfadeInUp\u00bb width=\u00bb5\/12&#8243; overflow=\u00bbdefault\u00bb css=\u00bb.vc_custom_1579634499235{margin-bottom: 35px !important;border-top-width: 2px !important;border-right-width: 2px !important;border-bottom-width: 2px !important;border-left-width: 2px !important;border-left-color: #506e5b !important;border-left-style: solid !important;border-right-color: #506e5b !important;border-right-style: solid !important;border-top-color: #506e5b !important;border-top-style: solid !important;border-bottom-color: #506e5b !important;border-bottom-style: solid !important;border-radius: 35px !important;}\u00bb][vc_row_inner shadow=\u00bbshadow2&#8243; overflow=\u00bbdefault\u00bb css=\u00bb.vc_custom_1575197689471{background-color: #628d72 !important;}\u00bb][vc_column_inner width=\u00bb1\/4&#8243; overflow=\u00bbdefault\u00bb css=\u00bb.vc_custom_1575145966128{padding-top: 5px !important;}\u00bb][vc_icon icon_fontawesome=\u00bbfa fa-users\u00bb color=\u00bbgrey\u00bb background_style=\u00bbrounded-outline\u00bb align=\u00bbcenter\u00bb css=\u00bb.vc_custom_1575199795130{margin-top: 0px !important;margin-right: 0px !important;margin-bottom: 0px !important;margin-left: 0px !important;padding-right: 0px !important;}\u00bb][\/vc_column_inner][vc_column_inner width=\u00bb3\/4&#8243; overflow=\u00bbdefault\u00bb css=\u00bb.vc_custom_1575199598355{padding-top: 20px !important;}\u00bb offset=\u00bbvc_hidden-xs\u00bb]\r\n\r\n\t<div class=\"sh-heading sh-heading-style1\" id=\"heading-lWs8IijUar\">\r\n\t\t<h2 class=\"sh-heading-content size-default\">\r\n\t\t\t<\/span>\n<h2 class=\"title\"><span style=\"color: #ffffff;\">\u00bfQui\u00e9nes\u00a0somos?<\/span><\/h2>\n<span>\t\t<\/h2>\r\n\t<\/div>\r\n\r\n            <style type=\"text\/css\">\r\n                #heading-lWs8IijUar {margin: 0px 0px 0px 0px;}#heading-lWs8IijUar .sh-heading-content {font-weight: 400!important;}            <\/style>\r\n        [\/vc_column_inner][vc_column_inner overflow=\u00bbdefault\u00bb offset=\u00bbvc_hidden-lg vc_hidden-md vc_hidden-sm\u00bb css=\u00bb.vc_custom_1575200806433{padding-top: 10px !important;}\u00bb]\r\n\r\n\t<div class=\"sh-heading sh-heading-style1\" id=\"heading-eBaHzfSjnX\">\r\n\t\t<h2 class=\"sh-heading-content size-default\">\r\n\t\t\t<\/span>\n<h2 class=\"title\" style=\"text-align: center;\"><span style=\"color: #ffffff;\">\u00bfQui\u00e9nes\u00a0somos?<\/span><\/h2>\n<span>\t\t<\/h2>\r\n\t<\/div>\r\n\r\n            <style type=\"text\/css\">\r\n                #heading-eBaHzfSjnX {margin: 0px 0px 0px 0px;}#heading-eBaHzfSjnX .sh-heading-content {font-weight: 400!important;}            <\/style>\r\n        [\/vc_column_inner][\/vc_row_inner][vc_row_inner][vc_column_inner][\/vc_column_inner][\/vc_row_inner]\r\n<div id=\"text-block-0UTjJKNzYx\" class=\"sh-text-block\">\r\n\tEl Servicio de Traumatolog\u00eda y Ortopedia del Sanatorio del Norte fue creado en el a\u00f1o 1.991 y es el primer servicio privado de la especialidad reconocido por la Asociaci\u00f3n Argentina de Ortopedia y Traumatolog\u00eda en el Noroeste Argentino.<\/p>\n<p>En la actualidad es considerado uno de los m\u00e1s importantes de la Argentina y tambi\u00e9n de Latinoam\u00e9rica. Actualmente el servicio funciona con sectores dedicados a las diferentes sub-especialidades a cargo de prestigiosos especialistas certificados en cada una de ellas, abarcando en conjunto el estudio y tratamiento de todas las patolog\u00edas.<\/p>\n<p>Sub-especialidades:<\/p>\n<ul>\n<li>Miembro superior<\/li>\n<li>Miembro inferior<\/li>\n<li>Columna<\/li>\n<li>Cadera<\/li>\n<li>Microcirug\u00eda y reimplantes<\/li>\n<li>Ortopedia infantil<\/li>\n<li>Rodilla<\/li>\n<li>Trauma<\/li>\n<li>Artroscop\u00eda de cadera, rodilla y hombro<\/li>\n<li>Otros<\/li>\n<\/ul>\n<p>Esta conjunci\u00f3n de profesionales de s\u00f3lida formaci\u00f3n cient\u00edfico-human\u00edstico y el equipamiento de \u00faltima generaci\u00f3n constituyen el requisito indispensable para poder atender cualquier patolog\u00eda ortop\u00e9dica y del trauma, optimizando los resultados hacia el bienestar y salud del paciente.<\/p>\n<p><strong>El Servicio de Traumatolog\u00eda y Ortopedia desarrolla sus actividades en el Sanatorio del Norte SRL, ubicado en la calle Maip\u00fa 617 de la ciudad de San Miguel de Tucum\u00e1n, en la Rep\u00fablica Argentina.<\/strong><\/div>\r\n            <style type=\"text\/css\">\r\n                #text-block-0UTjJKNzYx {margin: 0px 0px 15px 0px;}#text-block-0UTjJKNzYx a:hover,#text-block-0UTjJKNzYx a:focus {color: #10a0c0;}#text-block-0UTjJKNzYx .drop-cap {font-weight: bold;font-size: 50px;display: block;float: left;margin: 8px 10px 0 0;}            <\/style>\r\n        [\/vc_column][vc_column width=\u00bb1\/12&#8243; overflow=\u00bbdefault\u00bb][\/vc_column][vc_column css_animation=\u00bbfadeInUp\u00bb width=\u00bb1\/2&#8243; overflow=\u00bbdefault\u00bb css=\u00bb.vc_custom_1575147835711{margin-bottom: 15px !important;border-top-width: 2px !important;border-right-width: 2px !important;border-bottom-width: 2px !important;border-left-width: 2px !important;border-left-color: #506e5b !important;border-left-style: solid !important;border-right-color: #506e5b !important;border-right-style: solid !important;border-top-color: #506e5b !important;border-top-style: solid !important;border-bottom-color: #506e5b !important;border-bottom-style: solid !important;border-radius: 35px !important;}\u00bb][vc_row_inner shadow=\u00bbshadow2&#8243; overflow=\u00bbdefault\u00bb css=\u00bb.vc_custom_1575197697830{background-color: #628d72 !important;}\u00bb][vc_column_inner width=\u00bb1\/4&#8243; overflow=\u00bbdefault\u00bb css=\u00bb.vc_custom_1575145972959{padding-top: 5px !important;}\u00bb][vc_icon icon_fontawesome=\u00bbfa fa-flag\u00bb color=\u00bbgrey\u00bb background_style=\u00bbrounded-outline\u00bb align=\u00bbcenter\u00bb css=\u00bb.vc_custom_1575199804078{margin-top: 0px !important;margin-right: 0px !important;margin-bottom: 0px !important;margin-left: 0px !important;padding-right: 0px !important;}\u00bb][\/vc_column_inner][vc_column_inner width=\u00bb3\/4&#8243; overflow=\u00bbdefault\u00bb css=\u00bb.vc_custom_1575199649945{padding-top: 20px !important;}\u00bb offset=\u00bbvc_hidden-xs\u00bb]\r\n\r\n\t<div class=\"sh-heading sh-heading-style1\" id=\"heading-MQrGTo9DFZ\">\r\n\t\t<h2 class=\"sh-heading-content size-default\">\r\n\t\t\t<\/span>\n<h2 class=\"title\"><span style=\"color: #ffffff;\">\u00a0 \u00a0 \u00a0 \u00a0 \u00a0 \u00a0 \u00a0 Misi\u00f3n<\/span><\/h2>\n<span>\t\t<\/h2>\r\n\t<\/div>\r\n\r\n            <style type=\"text\/css\">\r\n                #heading-MQrGTo9DFZ {margin: 0px 0px 0px 0px;}#heading-MQrGTo9DFZ .sh-heading-content {font-weight: 400!important;}            <\/style>\r\n        [\/vc_column_inner][vc_column_inner overflow=\u00bbdefault\u00bb offset=\u00bbvc_hidden-lg vc_hidden-md vc_hidden-sm\u00bb css=\u00bb.vc_custom_1575200812394{padding-top: 10px !important;}\u00bb]\r\n\r\n\t<div class=\"sh-heading sh-heading-style1\" id=\"heading-ZfgpTXtjvd\">\r\n\t\t<h2 class=\"sh-heading-content size-default\">\r\n\t\t\t<\/span>\n<h2 class=\"title\" style=\"text-align: center;\"><span style=\"color: #ffffff;\">Misi\u00f3n<\/span><\/h2>\n<span>\t\t<\/h2>\r\n\t<\/div>\r\n\r\n            <style type=\"text\/css\">\r\n                #heading-ZfgpTXtjvd {margin: 0px 0px 0px 0px;}#heading-ZfgpTXtjvd .sh-heading-content {font-weight: 400!important;}            <\/style>\r\n        [\/vc_column_inner][\/vc_row_inner][vc_row_inner][vc_column_inner]\r\n<div id=\"text-block-z5VLoWp4Ys\" class=\"sh-text-block\">\r\n\tEl Servicio de Traumatolog\u00eda y Ortopedia del Sanatorio del Norte es un equipo de trabajo dedicado a la educaci\u00f3n cuaternaria, donde los pilares son la investigaci\u00f3n cient\u00edfica y la creatividad; y apoyamos la capacitaci\u00f3n continua de nuestros profesionales logrando m\u00e9dicos especialistas que se dedican con excelencia al tratamiento de pacientes.<\/div>\r\n            <style type=\"text\/css\">\r\n                #text-block-z5VLoWp4Ys {margin: 0px 0px 15px 0px;}#text-block-z5VLoWp4Ys a:hover,#text-block-z5VLoWp4Ys a:focus {color: #10a0c0;}#text-block-z5VLoWp4Ys .drop-cap {font-weight: bold;font-size: 50px;display: block;float: left;margin: 8px 10px 0 0;}            <\/style>\r\n        [\/vc_column_inner][\/vc_row_inner][\/vc_column][vc_column width=\u00bb1\/12&#8243; overflow=\u00bbdefault\u00bb][\/vc_column][vc_column css_animation=\u00bbfadeInUp\u00bb width=\u00bb1\/2&#8243; overflow=\u00bbdefault\u00bb css=\u00bb.vc_custom_1575147842481{margin-top: 20px !important;margin-bottom: 20px !important;border-top-width: 2px !important;border-right-width: 2px !important;border-bottom-width: 2px !important;border-left-width: 2px !important;border-left-color: #506e5b !important;border-left-style: solid !important;border-right-color: #506e5b !important;border-right-style: solid !important;border-top-color: #506e5b !important;border-top-style: solid !important;border-bottom-color: #506e5b !important;border-bottom-style: solid !important;border-radius: 35px !important;}\u00bb][vc_row_inner shadow=\u00bbshadow2&#8243; overflow=\u00bbdefault\u00bb css=\u00bb.vc_custom_1575197706811{background-color: #628d72 !important;}\u00bb][vc_column_inner width=\u00bb1\/4&#8243; overflow=\u00bbdefault\u00bb css=\u00bb.vc_custom_1575145984759{padding-top: 5px !important;}\u00bb][vc_icon icon_fontawesome=\u00bbfa fa-eye\u00bb color=\u00bbgrey\u00bb background_style=\u00bbrounded-outline\u00bb align=\u00bbcenter\u00bb css=\u00bb.vc_custom_1575199814454{margin-top: 0px !important;margin-right: 0px !important;margin-bottom: 0px !important;margin-left: 0px !important;padding-right: 0px !important;}\u00bb][\/vc_column_inner][vc_column_inner width=\u00bb3\/4&#8243; overflow=\u00bbdefault\u00bb css=\u00bb.vc_custom_1575199680086{padding-top: 20px !important;}\u00bb offset=\u00bbvc_hidden-xs\u00bb]\r\n\r\n\t<div class=\"sh-heading sh-heading-style1\" id=\"heading-Id5U4b1qe8\">\r\n\t\t<h2 class=\"sh-heading-content size-default\">\r\n\t\t\t<\/span>\n<h2 class=\"title\" style=\"text-align: left;\"><span style=\"color: #ffffff;\">\u00a0 \u00a0 \u00a0 \u00a0 \u00a0 \u00a0 \u00a0 Visi\u00f3n<\/span><\/h2>\n<span>\t\t<\/h2>\r\n\t<\/div>\r\n\r\n            <style type=\"text\/css\">\r\n                #heading-Id5U4b1qe8 {margin: 0px 0px 0px 0px;}#heading-Id5U4b1qe8 .sh-heading-content {font-weight: 400!important;}            <\/style>\r\n        [\/vc_column_inner][vc_column_inner overflow=\u00bbdefault\u00bb offset=\u00bbvc_hidden-lg vc_hidden-md vc_hidden-sm\u00bb css=\u00bb.vc_custom_1575200820622{padding-top: 10px !important;}\u00bb]\r\n\r\n\t<div class=\"sh-heading sh-heading-style1\" id=\"heading-7Yhgjy4fLw\">\r\n\t\t<h2 class=\"sh-heading-content size-default\">\r\n\t\t\t<\/span>\n<h2 class=\"title\" style=\"text-align: center;\"><span style=\"color: #ffffff;\">Visi\u00f3n<\/span><\/h2>\n<span>\t\t<\/h2>\r\n\t<\/div>\r\n\r\n            <style type=\"text\/css\">\r\n                #heading-7Yhgjy4fLw {margin: 0px 0px 0px 0px;}#heading-7Yhgjy4fLw .sh-heading-content {font-weight: 400!important;}            <\/style>\r\n        [\/vc_column_inner][\/vc_row_inner][vc_row_inner][vc_column_inner]\r\n<div id=\"text-block-1ZDzq56kjx\" class=\"sh-text-block\">\r\n\t<\/p>\n<div class=\"module-l\">\n<div class=\"module-r\">\n<div class=\"module-inner\">\n<div class=\"module-inner2\">\n<p>Queremos ser centro de referencia a nivel nacional en patolog\u00edas de alta complejidad en Ortopedia y Traumatolog\u00eda, contando con m\u00e9dicos altamente capacitados y tecnolog\u00eda a la altura de los grandes centros mundiales.<\/p>\n<\/div>\n<\/div>\n<\/div>\n<\/div>\n<p><\/div>\r\n            <style type=\"text\/css\">\r\n                #text-block-1ZDzq56kjx {margin: 0px 0px 15px 0px;}#text-block-1ZDzq56kjx a:hover,#text-block-1ZDzq56kjx a:focus {color: #10a0c0;}#text-block-1ZDzq56kjx .drop-cap {font-weight: bold;font-size: 50px;display: block;float: left;margin: 8px 10px 0 0;}            <\/style>\r\n        [\/vc_column_inner][\/vc_row_inner][\/vc_column][vc_column width=\u00bb1\/12&#8243; overflow=\u00bbdefault\u00bb][\/vc_column][vc_column css_animation=\u00bbfadeInUp\u00bb width=\u00bb1\/2&#8243; overflow=\u00bbdefault\u00bb css=\u00bb.vc_custom_1575147850624{margin-top: 15px !important;border-top-width: 2px !important;border-right-width: 2px !important;border-bottom-width: 2px !important;border-left-width: 2px !important;border-left-color: #506e5b !important;border-left-style: solid !important;border-right-color: #506e5b !important;border-right-style: solid !important;border-top-color: #506e5b !important;border-top-style: solid !important;border-bottom-color: #506e5b !important;border-bottom-style: solid !important;border-radius: 35px !important;}\u00bb][vc_row_inner shadow=\u00bbshadow2&#8243; overflow=\u00bbdefault\u00bb css=\u00bb.vc_custom_1575197715053{background-color: #628d72 !important;}\u00bb][vc_column_inner width=\u00bb1\/4&#8243; overflow=\u00bbdefault\u00bb css=\u00bb.vc_custom_1575145992894{padding-top: 5px !important;}\u00bb][vc_icon icon_fontawesome=\u00bbfa fa-book\u00bb color=\u00bbgrey\u00bb background_style=\u00bbrounded-outline\u00bb align=\u00bbcenter\u00bb css=\u00bb.vc_custom_1575199823961{margin-top: 0px !important;margin-right: 0px !important;margin-bottom: 0px !important;margin-left: 0px !important;padding-right: 0px !important;}\u00bb][\/vc_column_inner][vc_column_inner width=\u00bb3\/4&#8243; overflow=\u00bbdefault\u00bb css=\u00bb.vc_custom_1575199726260{padding-top: 20px !important;}\u00bb offset=\u00bbvc_hidden-xs\u00bb]\r\n\r\n\t<div class=\"sh-heading sh-heading-style1\" id=\"heading-eJTH4GclFO\">\r\n\t\t<h2 class=\"sh-heading-content size-default\">\r\n\t\t\t<\/span>\n<h2 class=\"title\"><span style=\"color: #ffffff;\">Educaci\u00f3n Cuaternaria<\/span><\/h2>\n<span>\t\t<\/h2>\r\n\t<\/div>\r\n\r\n            <style type=\"text\/css\">\r\n                #heading-eJTH4GclFO {margin: 0px 0px 0px 0px;}#heading-eJTH4GclFO .sh-heading-content {font-weight: 400!important;}            <\/style>\r\n        [\/vc_column_inner][vc_column_inner overflow=\u00bbdefault\u00bb offset=\u00bbvc_hidden-lg vc_hidden-md vc_hidden-sm\u00bb css=\u00bb.vc_custom_1575200828358{padding-top: 10px !important;}\u00bb]\r\n\r\n\t<div class=\"sh-heading sh-heading-style1\" id=\"heading-czIPLMeDin\">\r\n\t\t<h2 class=\"sh-heading-content size-default\">\r\n\t\t\t<\/span>\n<h2 class=\"title\" style=\"text-align: center;\"><span style=\"color: #ffffff;\">Educaci\u00f3n Cuaternaria<\/span><\/h2>\n<span>\t\t<\/h2>\r\n\t<\/div>\r\n\r\n            <style type=\"text\/css\">\r\n                #heading-czIPLMeDin {margin: 0px 0px 0px 0px;}#heading-czIPLMeDin .sh-heading-content {font-weight: 400!important;}            <\/style>\r\n        [\/vc_column_inner][\/vc_row_inner][vc_row_inner][vc_column_inner]\r\n<div id=\"text-block-TFal6fyDqC\" class=\"sh-text-block\">\r\n\t<\/p>\n<div class=\"module-l\">\n<div class=\"module-r\">\n<div class=\"module-inner\">\n<div class=\"module-inner2\">\n<p>El objetivo de la Educaci\u00f3n Cuaternaria es profundizar y actualizar la formaci\u00f3n cultural, docente, cient\u00edfica, art\u00edstica y tecnol\u00f3gica mediante la investigaci\u00f3n, la reflexi\u00f3n critica sobre la disciplina y el intercambio sobre los avances en las especialidades.<br \/>\nEsta Instituci\u00f3n cree firmemente en los principios de la Educaci\u00f3n Cuaternaria y pretendemos formar profesionales de reconocido nivel aplicando la creatividad y la investigaci\u00f3n como fundamento primario de la educaci\u00f3n.<\/p>\n<\/div>\n<\/div>\n<\/div>\n<\/div>\n<p><\/div>\r\n            <style type=\"text\/css\">\r\n                #text-block-TFal6fyDqC {margin: 0px 0px 15px 0px;}#text-block-TFal6fyDqC a:hover,#text-block-TFal6fyDqC a:focus {color: #10a0c0;}#text-block-TFal6fyDqC .drop-cap {font-weight: bold;font-size: 50px;display: block;float: left;margin: 8px 10px 0 0;}            <\/style>\r\n        [\/vc_column_inner][\/vc_row_inner][\/vc_column][\/vc_row][vc_row][vc_column]\r\n            \r\n            <div class=\"sh-empty-space vc_empty_space sh-empty-space-FxeA5n6RVq  \" style=\"height: 25px\">\r\n                <span class=\"vc_empty_space_inner\"><\/span>\r\n            <\/div>\r\n\r\n        [\/vc_column][\/vc_row]<\/p>\n","protected":false},"excerpt":{"rendered":"<p>[vc_row][vc_column][\/vc_column][\/vc_row][vc_row][vc_column][\/vc_column][\/vc_row][vc_row overflow=\u00bbdefault\u00bb css=\u00bb.vc_custom_1579493465509{margin-bottom: 0px !important;border-top-width: 2px !important;border-right-width: 2px !important;border-bottom-width: 2px !important;border-left-width: 2px !important;border-left-color: #506e5b !important;border-right-color: #506e5b !important;border-top-color: #506e5b !important;border-bottom-color: #506e5b !important;}\u00bb][vc_column css_animation=\u00bbfadeInUp\u00bb width=\u00bb5\/12&#8243; overflow=\u00bbdefault\u00bb css=\u00bb.vc_custom_1579634499235{margin-bottom: 35px !important;border-top-width: 2px !important;border-right-width: 2px !important;border-bottom-width: 2px !important;border-left-width: 2px !important;border-left-color: #506e5b !important;border-left-style: solid !important;border-right-color: #506e5b !important;border-right-style: solid !important;border-top-color: #506e5b !important;border-top-style:&#8230;<\/p>\n","protected":false},"author":2,"featured_media":0,"parent":0,"menu_order":0,"comment_status":"closed","ping_status":"closed","template":"","meta":{"footnotes":""},"class_list":["post-362","page","type-page","status-publish","hentry"],"_links":{"self":[{"href":"http:\/\/traumatologiadelnorte.com\/pr\/wp-json\/wp\/v2\/pages\/362","targetHints":{"allow":["GET"]}}],"collection":[{"href":"http:\/\/traumatologiadelnorte.com\/pr\/wp-json\/wp\/v2\/pages"}],"about":[{"href":"http:\/\/traumatologiadelnorte.com\/pr\/wp-json\/wp\/v2\/types\/page"}],"author":[{"embeddable":true,"href":"http:\/\/traumatologiadelnorte.com\/pr\/wp-json\/wp\/v2\/users\/2"}],"replies":[{"embeddable":true,"href":"http:\/\/traumatologiadelnorte.com\/pr\/wp-json\/wp\/v2\/comments?post=362"}],"version-history":[{"count":79,"href":"http:\/\/traumatologiadelnorte.com\/pr\/wp-json\/wp\/v2\/pages\/362\/revisions"}],"predecessor-version":[{"id":726,"href":"http:\/\/traumatologiadelnorte.com\/pr\/wp-json\/wp\/v2\/pages\/362\/revisions\/726"}],"wp:attachment":[{"href":"http:\/\/traumatologiadelnorte.com\/pr\/wp-json\/wp\/v2\/media?parent=362"}],"curies":[{"name":"wp","href":"https:\/\/api.w.org\/{rel}","templated":true}]}}